{"id":7,"date":"2025-12-22T01:51:43","date_gmt":"2025-12-22T00:51:43","guid":{"rendered":"http:\/\/31.220.83.51\/?page_id=7"},"modified":"2026-01-31T07:12:34","modified_gmt":"2026-01-31T06:12:34","slug":"7-2","status":"publish","type":"page","link":"https:\/\/karmencuellar.com\/","title":{"rendered":"Home"},"content":{"rendered":"\n<div class=\"wp-block-media-text alignfull is-stacked-on-mobile is-image-fill-element is-style-kc-image-text has-black-background-color has-background\" style=\"grid-template-columns:49% auto\"><figure class=\"wp-block-media-text__media\"><img loading=\"lazy\" decoding=\"async\" width=\"2560\" height=\"1459\" src=\"https:\/\/karmencuellar.com\/wp-content\/uploads\/2026\/01\/IMG_20251102_043643327-2-scaled.jpg\" alt=\"\" class=\"wp-image-248 size-full\" style=\"object-position:39% 30%\" srcset=\"https:\/\/karmencuellar.com\/wp-content\/uploads\/2026\/01\/IMG_20251102_043643327-2-scaled.jpg 2560w, https:\/\/karmencuellar.com\/wp-content\/uploads\/2026\/01\/IMG_20251102_043643327-2-300x171.jpg 300w, https:\/\/karmencuellar.com\/wp-content\/uploads\/2026\/01\/IMG_20251102_043643327-2-1024x583.jpg 1024w, https:\/\/karmencuellar.com\/wp-content\/uploads\/2026\/01\/IMG_20251102_043643327-2-768x438.jpg 768w, https:\/\/karmencuellar.com\/wp-content\/uploads\/2026\/01\/IMG_20251102_043643327-2-1536x875.jpg 1536w, https:\/\/karmencuellar.com\/wp-content\/uploads\/2026\/01\/IMG_20251102_043643327-2-2048x1167.jpg 2048w\" sizes=\"auto, (max-width: 2560px) 100vw, 2560px\" \/><\/figure><div class=\"wp-block-media-text__content\">\n<p class=\"has-white-color has-text-color has-link-color wp-elements-c569196b46616e76862eff9889d55ba3\">ACTUALMENTE, CARMEN SE ENCUENTRA TRABAJANDO EN SU PRIMER \u00c1LBUM MUSICAL, UNA OBRA QUE RE\u00daNE COMPOSICIONES PROPIAS JUNTO CON COLABORACIONES CON DIVERSOS COLECTIVOS Y ARTISTAS TANTO NACIONALES COMO INTERNACIONALES. EL PROYECTO INCLUYE GRABACIONES REALIZADAS A LO LARGO DE VARIOS A\u00d1OS HASTA LA ACTUALIDAD. ENTRE LOS ESTILOS QUE PREDOMINAN DESTACAN EL NEO SOUL, EL FUTURE BASS, EL RAP Y EL RAGGAMUFFIN, AUNQUE CARMEN TAMBI\u00c9N HA DEDICADO GRAN PARTE DE SU TRAYECTORIA AL CANTO DE MANTRAS. DURANTE LOS \u00daLTIMOS SIETE A\u00d1OS HA SIDO UNA DE LAS ORGANIZADORAS DEL FESTIVAL DE CANTO DE MANTRAS \u00abBARCELONA KIRTAN MELA\u00bb, EN COLABORACI\u00d3N CON LA COMUNIDAD ISKCON BARCELONA, FUNDADA POR BHAKTIVEDANTA SWAMI PRABHUPADA. EL KIRTAN FORMA PARTE DE UNA PR\u00c1CTICA DE MEDITACI\u00d3N ACTIVA QUE INVITA A TODAS LAS PERSONAS INTERESADAS A PARTICIPAR Y ACOMPA\u00d1AR EL CANTO. LAS SESIONES, QUE EN OCASIONES SE HAN EXTENDIDO POR M\u00c1S DE CINCO HORAS, OFRECEN UNA EXPERIENCIA PROFUNDAMENTE TRANSFORMADORA: CANTO DE MANTRAS EN DIRECTO ACOMPA\u00d1ADO POR M\u00daSICA INSTRUMENTAL TRADICIONAL DE LA ANTIGUA INDIA, INTERPRETADA EN VIVO, SIN REQUERIR NING\u00daN TIPO DE COMPROMISO PREVIO.<\/p>\n<\/div><\/div>\n\n\n\n<p><\/p>\n\n\n\n<div class=\"wp-block-kc-blocks-slider-container kc-slider-container is-style-slider\">\n<div class=\"wp-block-media-text alignfull is-stacked-on-mobile is-image-fill-element has-text-color has-background has-link-color wp-elements-704cc7230b9813953b66153f5b253737\" style=\"color:#fdec4f;background-color:#20242a\"><figure class=\"wp-block-media-text__media\"><img loading=\"lazy\" decoding=\"async\" width=\"1024\" height=\"977\" src=\"https:\/\/karmencuellar.com\/wp-content\/uploads\/2025\/12\/1-1-e1766364200785-1024x977.jpg\" alt=\"\" class=\"wp-image-12 size-full\" style=\"object-position:19% 26%\" srcset=\"https:\/\/karmencuellar.com\/wp-content\/uploads\/2025\/12\/1-1-e1766364200785-1024x977.jpg 1024w, https:\/\/karmencuellar.com\/wp-content\/uploads\/2025\/12\/1-1-e1766364200785-300x286.jpg 300w, https:\/\/karmencuellar.com\/wp-content\/uploads\/2025\/12\/1-1-e1766364200785-768x733.jpg 768w, https:\/\/karmencuellar.com\/wp-content\/uploads\/2025\/12\/1-1-e1766364200785.jpg 1130w\" sizes=\"auto, (max-width: 1024px) 100vw, 1024px\" \/><\/figure><div class=\"wp-block-media-text__content\">\n<p class=\"has-text-color has-link-color wp-elements-247a39868692ef39e6e9d6ed59e538ff\" style=\"color:#fdec4f;text-transform:uppercase\"><strong>Karmen Cu\u00e9llar (Carmen Cu\u00e9llar Arteaga)<\/strong><\/p>\n\n\n\n<p class=\"has-text-color has-link-color wp-elements-472dc26ac562dc6496b67ae0790d81b4\" style=\"color:#fdec4f\">BAILARINA Y DOCENTE DE LENGUA INGLESA CON UNA AMPLIA TRAYECTORIA EN DANZAS, TERAPIAS HOL\u00cdSTICAS, M\u00daSICA Y YOGA. DESDE LA INFANCIA HA PRACTICADO DEPORTES, M\u00daSICA, GIMNASIA R\u00cdTMICA Y DEPORTIVA. HA COMPLETADO SUS ESTUDIOS GENERALES CON LA FORMACI\u00d3N PARA MONITORES DE ACTIVIDADES DIRIGIDAS EN LA FEDERACI\u00d3N ESPA\u00d1OLA DE DEPORTES.<\/p>\n\n\n\n<p><\/p>\n<\/div><\/div>\n\n\n\n<div class=\"wp-block-media-text is-stacked-on-mobile is-image-fill-element has-white-background-color has-background\"><figure class=\"wp-block-media-text__media\"><img loading=\"lazy\" decoding=\"async\" width=\"1024\" height=\"1004\" src=\"https:\/\/karmencuellar.com\/wp-content\/uploads\/2025\/12\/2-e1766390714554-1024x1004.jpg\" alt=\"\" class=\"wp-image-17 size-full\" style=\"object-position:18% 14%\" srcset=\"https:\/\/karmencuellar.com\/wp-content\/uploads\/2025\/12\/2-e1766390714554-1024x1004.jpg 1024w, https:\/\/karmencuellar.com\/wp-content\/uploads\/2025\/12\/2-e1766390714554-300x294.jpg 300w, https:\/\/karmencuellar.com\/wp-content\/uploads\/2025\/12\/2-e1766390714554-768x753.jpg 768w, https:\/\/karmencuellar.com\/wp-content\/uploads\/2025\/12\/2-e1766390714554.jpg 1100w\" sizes=\"auto, (max-width: 1024px) 100vw, 1024px\" \/><\/figure><div class=\"wp-block-media-text__content\">\n<p class=\"has-black-color has-text-color has-link-color wp-elements-6542115b2e8bca1853f8e3f735db648e\">EN EL \u00c1MBITO EDUCATIVO, HA IMPARTIDO CLASES DE INGL\u00c9S EN COLEGIOS E INSTITUTOS P\u00daBLICOS DE BARCELONA, COMBINANDO SU VOCACI\u00d3N PEDAG\u00d3GICA CON SU EXPERIENCIA ART\u00cdSTICA Y CORPORAL. INVESTIGADORA EN EL CAMPO DE LAS TERAPIAS HOL\u00cdSTICAS, EST\u00c1 TITULADA COMO MASAJISTA Y TERAPEUTA DE AYURVEDA Y YOGA. SU B\u00daSQUEDA DE EQUILIBRIO INTERIOR LA HA LLEVADO A PROFUNDIZAR EN LAS ESCRITURAS V\u00c9DICAS Y A VIVIR COMO PRACTICANTE DE LA MEDITACI\u00d3N BHAKTI, CULTIVANDO UN ESTILO DE VIDA BASADO EN LA NO VIOLENCIA Y LA CONCIENCIA ESPIRITUAL.<\/p>\n<\/div><\/div>\n\n\n\n<div class=\"wp-block-media-text is-stacked-on-mobile is-image-fill-element has-black-background-color has-background\"><figure class=\"wp-block-media-text__media\"><img loading=\"lazy\" decoding=\"async\" width=\"1000\" height=\"1024\" src=\"https:\/\/karmencuellar.com\/wp-content\/uploads\/2025\/12\/3-e1766364184799-1000x1024.jpg\" alt=\"\" class=\"wp-image-11 size-full\" style=\"object-position:47% 16%\" srcset=\"https:\/\/karmencuellar.com\/wp-content\/uploads\/2025\/12\/3-e1766364184799-1000x1024.jpg 1000w, https:\/\/karmencuellar.com\/wp-content\/uploads\/2025\/12\/3-e1766364184799-293x300.jpg 293w, https:\/\/karmencuellar.com\/wp-content\/uploads\/2025\/12\/3-e1766364184799-768x787.jpg 768w, https:\/\/karmencuellar.com\/wp-content\/uploads\/2025\/12\/3-e1766364184799.jpg 1184w\" sizes=\"auto, (max-width: 1000px) 100vw, 1000px\" \/><\/figure><div class=\"wp-block-media-text__content\">\n<p class=\"has-white-color has-text-color has-link-color wp-elements-f8afb5a2723fffcc6007fe47f80192a0\">APASIONADA DE LA M\u00daSICA, FINALIZ\u00d3 SUS ESTUDIOS EN EL CONSERVATORIO DE M\u00daSICA ROSTROPOVICH, DONDE SE ESPECIALIZ\u00d3 EN PIANO Y CANTO CORAL. LA M\u00daSICA HA SIDO SIEMPRE SU GRAN INSPIRACI\u00d3N, ESPECIALMENTE LOS ESTILOS JAZZ, SOUL, R&amp;B Y REGGAE, QUE HAN INFLUIDO PROFUNDAMENTE EN SU VIDA. ADEM\u00c1S, HA TRABAJADO COMO DJ, COMPARTIENDO ESCENARIO CON RECONOCIDOS SOUND SYSTEMS COMO GOLDEN MIDDLE SOUND, BAD FOUNDATION Y KIN POWAH SOUND.<\/p>\n<\/div><\/div>\n\n\n\n<div class=\"wp-block-media-text is-stacked-on-mobile is-image-fill-element\"><figure class=\"wp-block-media-text__media\"><img loading=\"lazy\" decoding=\"async\" width=\"1024\" height=\"910\" src=\"https:\/\/karmencuellar.com\/wp-content\/uploads\/2025\/12\/4-e1766364171952-1024x910.jpg\" alt=\"\" class=\"wp-image-10 size-full\" style=\"object-position:45% 9%\" srcset=\"https:\/\/karmencuellar.com\/wp-content\/uploads\/2025\/12\/4-e1766364171952-1024x910.jpg 1024w, https:\/\/karmencuellar.com\/wp-content\/uploads\/2025\/12\/4-e1766364171952-300x267.jpg 300w, https:\/\/karmencuellar.com\/wp-content\/uploads\/2025\/12\/4-e1766364171952-768x683.jpg 768w, https:\/\/karmencuellar.com\/wp-content\/uploads\/2025\/12\/4-e1766364171952.jpg 1213w\" sizes=\"auto, (max-width: 1024px) 100vw, 1024px\" \/><\/figure><div class=\"wp-block-media-text__content\">\n<p class=\"has-black-color has-text-color has-link-color wp-elements-9fbe73be5483cf2f597187cec0cbe5ac\">EN 2007 OBTUVO EL PRIMER PUESTO EN LA PRIMERA COMPETICI\u00d3N DE DANCEHALL QUEEN DE ESPA\u00d1A, T\u00cdTULO QUE MARC\u00d3 UN PUNTO DE INFLEXI\u00d3N EN SU CARRERA ART\u00cdSTICA. HA COLABORADO CON RECONOCIDOS CORE\u00d3GRAFOS INTERNACIONALES DE DANZAS URBANAS Y HA PARTICIPADO EN LA CREACI\u00d3N DE COMPETICIONES DE BAILE, FESTIVALES Y OTROS EVENTOS CULTURALES Y SOCIOEDUCATIVOS. SU TRAYECTORIA LA HA CONVERTIDO EN UN EJEMPLO Y REFERENTE PARA MUCHOS BAILARINES DE DANZAS URBANAS DE SU \u00c9POCA. DESDE ENTONCES, HA IMPARTIDO TALLERES, CHARLAS Y CURSOS INTENSIVOS EN DIFERENTES CIUDADES DE ESPA\u00d1A Y EN VARIOS PA\u00cdSES EUROPEOS COMO ALEMANIA Y AUSTRIA, ENTRE OTROS.<\/p>\n<\/div><\/div>\n\n\n\n<div class=\"wp-block-media-text is-stacked-on-mobile is-image-fill-element\"><figure class=\"wp-block-media-text__media\"><img loading=\"lazy\" decoding=\"async\" width=\"703\" height=\"1024\" src=\"https:\/\/karmencuellar.com\/wp-content\/uploads\/2025\/12\/5-e1766364150207-703x1024.jpg\" alt=\"\" class=\"wp-image-9 size-full\" style=\"object-position:33% 54%\" srcset=\"https:\/\/karmencuellar.com\/wp-content\/uploads\/2025\/12\/5-e1766364150207-703x1024.jpg 703w, https:\/\/karmencuellar.com\/wp-content\/uploads\/2025\/12\/5-e1766364150207-206x300.jpg 206w, https:\/\/karmencuellar.com\/wp-content\/uploads\/2025\/12\/5-e1766364150207.jpg 740w\" sizes=\"auto, (max-width: 703px) 100vw, 703px\" \/><\/figure><div class=\"wp-block-media-text__content\">\n<p class=\"has-black-color has-text-color has-link-color wp-elements-bf2959bcce8732e0dbc4e8a39f0967b1\">EN 2009 DESCUBRI\u00d3 LA DANZA AFRICANA TRADICIONAL Y SE FORM\u00d3 COMO BAILARINA PROFESIONAL JUNTO A PROFESORES Y PERCUSIONISTAS DEL BALLET NACIONAL AFRICANO DE SENEGAL EN VALENCIA. POSTERIORMENTE FORM\u00d3 PARTE DE LA COMPA\u00d1\u00cdA DE DANZA Y PERCUSI\u00d3N TRADICIONAL AFRICANA KIRAMA KERGUI, FINALISTA EN EL PROGRAMA TELEVISIVO T\u00da S\u00cd QUE VALES DE TELECINCO. DESDE ENTONCES, SE HA DEDICADO A VIAJAR CON EL COLECTIVO, OFRECIENDO CONCIERTOS Y CURSOS DE DANZA Y PERCUSI\u00d3N TANTO EN ESPA\u00d1A COMO EN EL EXTRANJERO.<\/p>\n<\/div><\/div>\n<\/div>\n\n\n\n<p><\/p>\n","protected":false},"excerpt":{"rendered":"<p>ACTUALMENTE, CARMEN SE ENCUENTRA TRABAJANDO EN SU PRIMER \u00c1LBUM MUSICAL, UNA OBRA QUE RE\u00daNE COMPOSICIONES PROPIAS JUNTO CON COLABORACIONES CON DIVERSOS COLECTIVOS Y ARTISTAS TANTO NACIONALES COMO INTERNACIONALES. EL PROYECTO INCLUYE GRABACIONES REALIZADAS A LO LARGO DE VARIOS A\u00d1OS HASTA LA ACTUALIDAD. ENTRE LOS ESTILOS QUE PREDOMINAN DESTACAN EL NEO SOUL, EL FUTURE BASS, EL [&hellip;]<\/p>\n","protected":false},"author":1,"featured_media":0,"parent":0,"menu_order":0,"comment_status":"closed","ping_status":"closed","template":"","meta":{"footnotes":""},"class_list":["post-7","page","type-page","status-publish","hentry"],"_links":{"self":[{"href":"https:\/\/karmencuellar.com\/index.php?rest_route=\/wp\/v2\/pages\/7","targetHints":{"allow":["GET"]}}],"collection":[{"href":"https:\/\/karmencuellar.com\/index.php?rest_route=\/wp\/v2\/pages"}],"about":[{"href":"https:\/\/karmencuellar.com\/index.php?rest_route=\/wp\/v2\/types\/page"}],"author":[{"embeddable":true,"href":"https:\/\/karmencuellar.com\/index.php?rest_route=\/wp\/v2\/users\/1"}],"replies":[{"embeddable":true,"href":"https:\/\/karmencuellar.com\/index.php?rest_route=%2Fwp%2Fv2%2Fcomments&post=7"}],"version-history":[{"count":17,"href":"https:\/\/karmencuellar.com\/index.php?rest_route=\/wp\/v2\/pages\/7\/revisions"}],"predecessor-version":[{"id":266,"href":"https:\/\/karmencuellar.com\/index.php?rest_route=\/wp\/v2\/pages\/7\/revisions\/266"}],"wp:attachment":[{"href":"https:\/\/karmencuellar.com\/index.php?rest_route=%2Fwp%2Fv2%2Fmedia&parent=7"}],"curies":[{"name":"wp","href":"https:\/\/api.w.org\/{rel}","templated":true}]}}