{"id":34,"date":"2025-12-22T09:43:00","date_gmt":"2025-12-22T08:43:00","guid":{"rendered":"http:\/\/31.220.83.51\/?page_id=34"},"modified":"2026-01-31T07:23:17","modified_gmt":"2026-01-31T06:23:17","slug":"propuestas","status":"publish","type":"page","link":"https:\/\/karmencuellar.com\/?page_id=34","title":{"rendered":"Propuestas"},"content":{"rendered":"\n<div class=\"wp-block-media-text alignfull is-stacked-on-mobile is-image-fill-element is-style-kc-image-text has-background\" style=\"background-color:#763932;grid-template-columns:43% auto\"><figure class=\"wp-block-media-text__media\"><img loading=\"lazy\" decoding=\"async\" width=\"1024\" height=\"897\" src=\"https:\/\/karmencuellar.com\/wp-content\/uploads\/2025\/12\/Metodologiaclean-e1766392837578-1024x897.jpg\" alt=\"\" class=\"wp-image-46 size-full\" style=\"object-position:56% 43%\" srcset=\"https:\/\/karmencuellar.com\/wp-content\/uploads\/2025\/12\/Metodologiaclean-e1766392837578-1024x897.jpg 1024w, https:\/\/karmencuellar.com\/wp-content\/uploads\/2025\/12\/Metodologiaclean-e1766392837578-300x263.jpg 300w, https:\/\/karmencuellar.com\/wp-content\/uploads\/2025\/12\/Metodologiaclean-e1766392837578-768x673.jpg 768w, https:\/\/karmencuellar.com\/wp-content\/uploads\/2025\/12\/Metodologiaclean-e1766392837578.jpg 1230w\" sizes=\"auto, (max-width: 1024px) 100vw, 1024px\" \/><\/figure><div class=\"wp-block-media-text__content\">\n<p class=\"has-white-color has-text-color has-link-color wp-elements-d1f2122b2eebf751f0eb61ccafafa518\">METODOLOG\u00cdA <\/p>\n\n\n\n<p class=\"has-white-color has-text-color has-link-color wp-elements-f4165716d1de69410f1435bc8f0a9c57\">EL CUERPO, LA PALABRA Y LA M\u00daSICA COMO LENGUAJES UNIVERSALES EL MOVIMIENTO, LA VOZ Y LA M\u00daSICA SON FORMAS DE COMUNICACI\u00d3N QUE NOS CONECTAN M\u00c1S ALL\u00c1 DE LAS FRONTERAS. A TRAV\u00c9S DE LA DANZA, EL YOGA, LAS TERAPIAS NATURALES Y LAS LENGUAS, TRABAJAMOS EL BIENESTAR INTEGRAL DEL CUERPO Y LA MENTE, CULTIVANDO LA PRESENCIA, LA EXPRESI\u00d3N Y LA CONEXI\u00d3N CON UNX MISMX Y CON LXS DEM\u00c1S. <\/p>\n\n\n\n<p class=\"has-white-color has-text-color has-link-color wp-elements-c8c12a7db99a068f537ba8cb3757ed07\">UN ENFOQUE INTERDISCIPLINAR NUESTRA METODOLOG\u00cdA COMBINA ARTE, EDUCACI\u00d3N Y CONCIENCIA CORPORAL. CADA SESI\u00d3N \u2014YA SEA UNA CLASE DE BAILE, UNA PR\u00c1CTICA DE YOGA O UN ESPACIO TERAP\u00c9UTICO\u2014 INVITA A EXPLORAR EL CUERPO COMO MEDIO DE APRENDIZAJE Y TRANSFORMACI\u00d3N. <\/p>\n\n\n\n<p class=\"has-white-color has-text-color has-link-color wp-elements-c47641f36ca5062df5f4354721a4999a\">UN ESPACIO SEGURO E INCLUSIVO SE FOMENTA LA AUTOESCUCHA, LA ATENCI\u00d3N PLENA Y LA EXPRESI\u00d3N AUT\u00c9NTICA, INTEGRANDO MOVIMIENTO, RESPIRACI\u00d3N, VOZ Y LENGUAJE PARA ALCANZAR UN EQUILIBRIO PROFUNDO ENTRE LO F\u00cdSICO, LO EMOCIONAL Y LO MENTAL.<\/p>\n<\/div><\/div>\n\n\n\n<div class=\"wp-block-kc-blocks-slider-container kc-slider-container is-style-slider\">\n<div class=\"wp-block-media-text alignfull is-stacked-on-mobile is-image-fill-element has-black-background-color has-background\"><figure class=\"wp-block-media-text__media\"><img loading=\"lazy\" decoding=\"async\" width=\"1024\" height=\"915\" src=\"https:\/\/karmencuellar.com\/wp-content\/uploads\/2025\/12\/Metodologia_2-clean-e1766393193625-1024x915.jpg\" alt=\"\" class=\"wp-image-37 size-full\" style=\"object-position:49% 29%\" srcset=\"https:\/\/karmencuellar.com\/wp-content\/uploads\/2025\/12\/Metodologia_2-clean-e1766393193625-1024x915.jpg 1024w, https:\/\/karmencuellar.com\/wp-content\/uploads\/2025\/12\/Metodologia_2-clean-e1766393193625-300x268.jpg 300w, https:\/\/karmencuellar.com\/wp-content\/uploads\/2025\/12\/Metodologia_2-clean-e1766393193625-768x686.jpg 768w, https:\/\/karmencuellar.com\/wp-content\/uploads\/2025\/12\/Metodologia_2-clean-e1766393193625.jpg 1206w\" sizes=\"auto, (max-width: 1024px) 100vw, 1024px\" \/><\/figure><div class=\"wp-block-media-text__content\">\n<p class=\"has-white-color has-text-color has-link-color wp-elements-0b27ceb632087548af6df7ed79a6b480\">CURSOS INTENSIVOS PARA EVENTOS PUNTUALES (FESTIVALES, FIESTAS MAYORES, RETIROS, CELEBRACIONES, PRESENTACIONES, ETC.) <\/p>\n\n\n\n<p class=\"has-white-color has-text-color has-link-color wp-elements-23660df95028ced2867c7c55bed9f918\">DURACI\u00d3N: DE 1 A 3 HORAS PROPUESTA DESTINADA A DAR A CONOCER LA DANZA Y LA CULTURA DEL MOVIMIENTO A TRAV\u00c9S DE JUEGOS INTERACTIVOS, DIN\u00c1MICAS GRUPALES Y EJERCICIOS F\u00cdSICOS, ADAPTADOS AL TIPO DE EVENTO Y P\u00daBLICO. EL OBJETIVO ES OFRECER UNA EXPERIENCIA FESTIVA, EDUCATIVA Y TRANSFORMADORA, DONDE LAS PERSONAS DISFRUTAN APRENDIENDO MIENTRAS SE EXPRESAN LIBREMENTE. INCLUYE ANIMACI\u00d3N CON ENFOQUE INCLUSIVO, PROMOVIENDO LOS VALORES DE IGUALDAD DE G\u00c9NERO, DIVERSIDAD CORPORAL Y FUNCIONAL, Y UNA PERSPECTIVA ANTIRRACISTA, FEMINISTA Y LGTBIQ+, EN UN ESPACIO SEGURO Y DE RESPETO MUTUO.<\/p>\n<\/div><\/div>\n\n\n\n<div class=\"wp-block-media-text is-stacked-on-mobile is-image-fill-element has-white-background-color has-background\"><figure class=\"wp-block-media-text__media\"><img loading=\"lazy\" decoding=\"async\" width=\"967\" height=\"1024\" src=\"https:\/\/karmencuellar.com\/wp-content\/uploads\/2025\/12\/Metodologia_3-clean-e1766392800569-967x1024.jpg\" alt=\"\" class=\"wp-image-39 size-full\" style=\"object-position:67% 53%\" srcset=\"https:\/\/karmencuellar.com\/wp-content\/uploads\/2025\/12\/Metodologia_3-clean-e1766392800569-967x1024.jpg 967w, https:\/\/karmencuellar.com\/wp-content\/uploads\/2025\/12\/Metodologia_3-clean-e1766392800569-283x300.jpg 283w, https:\/\/karmencuellar.com\/wp-content\/uploads\/2025\/12\/Metodologia_3-clean-e1766392800569-768x814.jpg 768w, https:\/\/karmencuellar.com\/wp-content\/uploads\/2025\/12\/Metodologia_3-clean-e1766392800569.jpg 1078w\" sizes=\"auto, (max-width: 967px) 100vw, 967px\" \/><\/figure><div class=\"wp-block-media-text__content\">\n<p class=\"has-black-color has-text-color has-link-color wp-elements-605921a37a8218f3e0beb247517a4062\">TALLERES ANUALES O FORMACIONES CONTINUADAS (POR NIVELES, M\u00d3DULOS O ADAPTACIONES PERSONALIZADAS) <\/p>\n\n\n\n<p class=\"has-black-color has-text-color has-link-color wp-elements-7da3f039e9ffd133300e88b6661a2df2\">DURACI\u00d3N: 1,5 A 3 HORAS POR SESI\u00d3N \u2014 FORMATO MENSUAL O TRIMESTRAL FORMACIONES ORIENTADAS AL DESARROLLO T\u00c9CNICO, EXPRESIVO Y CULTURAL DEL MOVIMIENTO, TRABAJANDO LA CONEXI\u00d3N ENTRE CUERPO, RITMO Y BIENESTAR. DIRIGIDAS A TODO TIPO DE COLECTIVOS: PERSONAS ADULTAS Y MAYORES NI\u00d1OS, NI\u00d1AS Y ADOLESCENTES EMBARAZADAS Y PERSONAS LGTBIQ+ COMUNIDADES MIGRANTES (TAMBI\u00c9N DISPONIBLE EN INGL\u00c9S)<\/p>\n<\/div><\/div>\n\n\n\n<div class=\"wp-block-media-text is-stacked-on-mobile is-image-fill-element has-black-background-color has-background\"><figure class=\"wp-block-media-text__media\"><img loading=\"lazy\" decoding=\"async\" width=\"669\" height=\"1024\" src=\"https:\/\/karmencuellar.com\/wp-content\/uploads\/2025\/12\/Metodologia_4-clean-e1766392764843-669x1024.jpg\" alt=\"\" class=\"wp-image-41 size-full\" style=\"object-position:70% 22%\" srcset=\"https:\/\/karmencuellar.com\/wp-content\/uploads\/2025\/12\/Metodologia_4-clean-e1766392764843-669x1024.jpg 669w, https:\/\/karmencuellar.com\/wp-content\/uploads\/2025\/12\/Metodologia_4-clean-e1766392764843-196x300.jpg 196w, https:\/\/karmencuellar.com\/wp-content\/uploads\/2025\/12\/Metodologia_4-clean-e1766392764843.jpg 704w\" sizes=\"auto, (max-width: 669px) 100vw, 669px\" \/><\/figure><div class=\"wp-block-media-text__content\">\n<p class=\"has-white-color has-text-color has-link-color wp-elements-f99c878f1802364a1656eeeeb37737dc\">EXHIBICI\u00d3N CON ANIMACI\u00d3N EN DIRECTO  <\/p>\n\n\n\n<p class=\"has-white-color has-text-color has-link-color wp-elements-f781db3c95526d8dbdd21aaadf06708a\">DURACI\u00d3N: DE 5 A 40 MINUTOS ESPECT\u00c1CULO PARTICIPATIVO QUE UNE DANZA, VOZ Y ENERG\u00cdA COLECTIVA, CREANDO UNA ATM\u00d3SFERA ALEGRE Y COLORIDA. ACERCA AL P\u00daBLICO LA RIQUEZA CULTURAL Y EMOCIONAL DEL MOVIMIENTO, DESARROLLANDO UNA EXPERIENCIA INTERACTIVA QUE CELEBRA LA DIVERSIDAD Y EL ENCUENTRO. PUEDE PRESENTARSE EN FORMATO DE CONCIERTO, ANIMACI\u00d3N O PASACALLES, Y ADAPTARSE A ESPACIOS ESC\u00c9NICOS O AL AIRE LIBRE.<\/p>\n<\/div><\/div>\n\n\n\n<div class=\"wp-block-media-text is-stacked-on-mobile is-image-fill-element has-white-background-color has-background\"><figure class=\"wp-block-media-text__media\"><img loading=\"lazy\" decoding=\"async\" width=\"1024\" height=\"683\" src=\"https:\/\/karmencuellar.com\/wp-content\/uploads\/2025\/12\/Metodologia_5-clean-1024x683.jpg\" alt=\"\" class=\"wp-image-43 size-full\" style=\"object-position:48% 48%\" srcset=\"https:\/\/karmencuellar.com\/wp-content\/uploads\/2025\/12\/Metodologia_5-clean-1024x683.jpg 1024w, https:\/\/karmencuellar.com\/wp-content\/uploads\/2025\/12\/Metodologia_5-clean-300x200.jpg 300w, https:\/\/karmencuellar.com\/wp-content\/uploads\/2025\/12\/Metodologia_5-clean-768x512.jpg 768w, https:\/\/karmencuellar.com\/wp-content\/uploads\/2025\/12\/Metodologia_5-clean-1536x1024.jpg 1536w, https:\/\/karmencuellar.com\/wp-content\/uploads\/2025\/12\/Metodologia_5-clean-2048x1365.jpg 2048w\" sizes=\"auto, (max-width: 1024px) 100vw, 1024px\" \/><\/figure><div class=\"wp-block-media-text__content\">\n<p class=\"has-black-color has-text-color has-link-color wp-elements-c4fe5c68da0549bd9b0daf2ef346bb57\">TAMBI\u00c9N SE OFRECE FORMACI\u00d3N PROFESIONAL PARA COMPA\u00d1\u00cdAS, GRUPOS DE BAILE, COMPETICIONES O PROYECTOS ART\u00cdSTICOS, SEG\u00daN LOS OBJETIVOS DE CADA GRUPO O INSTITUCI\u00d3N.<\/p>\n<\/div><\/div>\n\n\n\n<div class=\"wp-block-media-text is-stacked-on-mobile is-image-fill-element has-white-background-color has-background\"><figure class=\"wp-block-media-text__media\"><img loading=\"lazy\" decoding=\"async\" width=\"1024\" height=\"761\" src=\"https:\/\/karmencuellar.com\/wp-content\/uploads\/2025\/12\/Metodologia_6-clean-e1766393461180-1024x761.jpg\" alt=\"\" class=\"wp-image-45 size-full\" style=\"object-position:22% 12%\" srcset=\"https:\/\/karmencuellar.com\/wp-content\/uploads\/2025\/12\/Metodologia_6-clean-e1766393461180-1024x761.jpg 1024w, https:\/\/karmencuellar.com\/wp-content\/uploads\/2025\/12\/Metodologia_6-clean-e1766393461180-300x223.jpg 300w, https:\/\/karmencuellar.com\/wp-content\/uploads\/2025\/12\/Metodologia_6-clean-e1766393461180-768x571.jpg 768w, https:\/\/karmencuellar.com\/wp-content\/uploads\/2025\/12\/Metodologia_6-clean-e1766393461180.jpg 1450w\" sizes=\"auto, (max-width: 1024px) 100vw, 1024px\" \/><\/figure><div class=\"wp-block-media-text__content\">\n<p class=\"has-black-color has-text-color has-link-color wp-elements-e72fe192315488b1a91f051703885aac\">CHARLAS FORMATIVAS INTERACTIVAS CON PROYECCI\u00d3N AUDIOVISUAL TEM\u00c1TICAS: CULTURA Y OR\u00cdGENES DE LA DANZA, CUERPO Y PLACER, C\u00cdRCULOS DE MUJERES, FEMINISMO y DIVERSIDAD EN EL MOVIMIENTO.<\/p>\n\n\n\n<p class=\"has-black-color has-text-color has-link-color wp-elements-4a04acc835988ad29291942eaff8710e\"> DURACI\u00d3N: DE 45 MINUTOS A 2 HORAS ENCUENTROS QUE EXPLORAN EL PAPEL DEL CUERPO, EL PLACER Y LA EXPRESI\u00d3N EMOCIONAL EN LA DANZA, Y SU V\u00cdNCULO CON LOS MOVIMIENTOS SOCIALES Y DE IGUALDAD. INCLUYEN PROYECCIONES AUDIOVISUALES, INTERCAMBIO PARTICIPATIVO Y MUESTRA PR\u00c1CTICA, FINALIZANDO CON UNA BREVE EXPERIENCIA CORPORAL QUE INTEGRA LOS CONTENIDOS ABORDADOS. SE PRESENTAN LA METODOLOG\u00cdA DE TRABAJO Y LOS OBJETIVOS DEL PROYECTO, IMPULSANDO LA REFLEXI\u00d3N Y LA CONEXI\u00d3N ENTRE CUERPO, ARTE Y CONCIENCIA.<\/p>\n<\/div><\/div>\n<\/div>\n","protected":false},"excerpt":{"rendered":"<p>METODOLOG\u00cdA EL CUERPO, LA PALABRA Y LA M\u00daSICA COMO LENGUAJES UNIVERSALES EL MOVIMIENTO, LA VOZ Y LA M\u00daSICA SON FORMAS DE COMUNICACI\u00d3N QUE NOS CONECTAN M\u00c1S ALL\u00c1 DE LAS FRONTERAS. A TRAV\u00c9S DE LA DANZA, EL YOGA, LAS TERAPIAS NATURALES Y LAS LENGUAS, TRABAJAMOS EL BIENESTAR INTEGRAL DEL CUERPO Y LA MENTE, CULTIVANDO LA PRESENCIA, [&hellip;]<\/p>\n","protected":false},"author":1,"featured_media":0,"parent":0,"menu_order":0,"comment_status":"closed","ping_status":"closed","template":"","meta":{"footnotes":""},"class_list":["post-34","page","type-page","status-publish","hentry"],"_links":{"self":[{"href":"https:\/\/karmencuellar.com\/index.php?rest_route=\/wp\/v2\/pages\/34","targetHints":{"allow":["GET"]}}],"collection":[{"href":"https:\/\/karmencuellar.com\/index.php?rest_route=\/wp\/v2\/pages"}],"about":[{"href":"https:\/\/karmencuellar.com\/index.php?rest_route=\/wp\/v2\/types\/page"}],"author":[{"embeddable":true,"href":"https:\/\/karmencuellar.com\/index.php?rest_route=\/wp\/v2\/users\/1"}],"replies":[{"embeddable":true,"href":"https:\/\/karmencuellar.com\/index.php?rest_route=%2Fwp%2Fv2%2Fcomments&post=34"}],"version-history":[{"count":12,"href":"https:\/\/karmencuellar.com\/index.php?rest_route=\/wp\/v2\/pages\/34\/revisions"}],"predecessor-version":[{"id":255,"href":"https:\/\/karmencuellar.com\/index.php?rest_route=\/wp\/v2\/pages\/34\/revisions\/255"}],"wp:attachment":[{"href":"https:\/\/karmencuellar.com\/index.php?rest_route=%2Fwp%2Fv2%2Fmedia&parent=34"}],"curies":[{"name":"wp","href":"https:\/\/api.w.org\/{rel}","templated":true}]}}