{"id":181,"date":"2025-12-22T13:18:46","date_gmt":"2025-12-22T12:18:46","guid":{"rendered":"http:\/\/31.220.83.51\/?page_id=181"},"modified":"2026-01-08T13:32:42","modified_gmt":"2026-01-08T12:32:42","slug":"twerkheels","status":"publish","type":"page","link":"https:\/\/karmencuellar.com\/?page_id=181","title":{"rendered":"Twerk&amp;Heels"},"content":{"rendered":"\n<div class=\"wp-block-kc-blocks-slider-container kc-slider-container is-style-slider\">\n<div class=\"wp-block-media-text is-stacked-on-mobile is-image-fill-element has-background\" style=\"background-color:#63349e\"><figure class=\"wp-block-media-text__media\"><img loading=\"lazy\" decoding=\"async\" width=\"365\" height=\"498\" src=\"https:\/\/karmencuellar.com\/wp-content\/uploads\/2025\/12\/Twerk.jpg\" alt=\"\" class=\"wp-image-185 size-full\" style=\"object-position:53% 40%\" srcset=\"https:\/\/karmencuellar.com\/wp-content\/uploads\/2025\/12\/Twerk.jpg 365w, https:\/\/karmencuellar.com\/wp-content\/uploads\/2025\/12\/Twerk-220x300.jpg 220w\" sizes=\"auto, (max-width: 365px) 100vw, 365px\" \/><\/figure><div class=\"wp-block-media-text__content\">\n<h1 class=\"wp-block-heading has-white-color has-text-color has-link-color wp-elements-6068d3727df5a711ae0c19322024915a\"><strong>TWERK<\/strong><\/h1>\n\n\n\n<p class=\"has-white-color has-text-color has-background has-link-color wp-elements-4d5bda5f2b33fba6873164bd80611147\" style=\"background-color:#63349e\">FUERZA, SENSUALIDAD Y CONTROL CORPORAL. ORIGINARIO DE LA CULTURA HIP-HOP ESTADOUNIDENSE Y CON INFLUENCIAS DE DANZAS AFRICANAS COMO EL MAPOUKA, EL TWERK COMBINA T\u00c9CNICA, POTENCIA Y SENSUALIDAD. M\u00c1S ALL\u00c1 DEL MOVIMIENTO DE CADERAS, EXIGE PRECISI\u00d3N, CONTROL MUSCULAR Y CONCIENCIA POSTURAL. TRABAJA INTENSAMENTE GL\u00daTEOS, PIERNAS Y ABDOMEN, MEJORANDO LA RESISTENCIA Y LA CIRCULACI\u00d3N. EN EL PLANO EMOCIONAL, ESTA DANZA POTENCIA LA AUTOESTIMA, LA LIBERACI\u00d3N CORPORAL Y LA CONEXI\u00d3N CON LA ENERG\u00cdA FEMENINA (EN CUALQUIER CUERPO). IDEAL PARA QUIENES BUSCAN UN ENTRENAMIENTO DIN\u00c1MICO QUE UNE EXPRESI\u00d3N, FUERZA Y EMPODERAMIENTO.<\/p>\n\n\n\n<p class=\"has-white-color has-text-color has-link-color wp-elements-51bd785800496cad2d0b6cf902713e70\">BENEFICIOS DESTACADOS:<\/p>\n\n\n\n<p class=\"has-white-color has-text-color has-background has-link-color wp-elements-8f849eccd4bf02edab22f7c849c02ffd\" style=\"background-color:#63349e\">TONIFICA LOS GL\u00daTEOS, ABDOMEN Y PIERNAS, MEJORANDO LA AUTOIMAGEN Y EL BODY CONFIDENCE. ACTIVA LA ENERG\u00cdA SEXUAL Y CREATIVA (SACRAL FLOW) Y LIBERA BLOQUEOS EMOCIONALES. FOMENTA EL AUTOCUIDADO CORPORAL, EL BIENESTAR EMOCIONAL Y EL EMPODERAMIENTO CONSCIENTE. UNA DANZA PODEROSA QUE CONVIERTE EL RITMO EN ENERG\u00cdA Y LA SENSUALIDAD EN FORTALEZA.<\/p>\n<\/div><\/div>\n\n\n\n<div class=\"wp-block-media-text is-stacked-on-mobile is-image-fill-element has-white-color has-text-color has-background has-link-color wp-elements-f4815443a5931a2aa6879d5587e51566\" style=\"background-color:#63349e\"><figure class=\"wp-block-media-text__media\"><img loading=\"lazy\" decoding=\"async\" width=\"907\" height=\"720\" src=\"http:\/\/karmencuellar.com\/wp-content\/uploads\/2025\/12\/Heels.jpg\" alt=\"\" class=\"wp-image-219 size-full\" style=\"object-position:71% 89%\" srcset=\"https:\/\/karmencuellar.com\/wp-content\/uploads\/2025\/12\/Heels.jpg 907w, https:\/\/karmencuellar.com\/wp-content\/uploads\/2025\/12\/Heels-300x238.jpg 300w, https:\/\/karmencuellar.com\/wp-content\/uploads\/2025\/12\/Heels-768x610.jpg 768w\" sizes=\"auto, (max-width: 907px) 100vw, 907px\" \/><\/figure><div class=\"wp-block-media-text__content\">\n<h1 class=\"wp-block-heading has-white-color has-text-color has-link-color wp-elements-90c8b7685f248b377791a89e9f9e2f6b\"><strong>High Heels <\/strong><\/h1>\n\n\n\n<p class=\"has-white-color has-text-color has-background has-link-color wp-elements-88b1c8f8dddcf9114bdaf4210124c961\" style=\"background-color:#63349e\">CONFIANZA, ELEGANCIA Y PRESENCIA ESC\u00c9NICA. EL ESTILO HIGH HEELS COMBINA LA ACTITUD URBANA DEL HIP-HOP CON LA SENSUALIDAD DEL BURLESQUE Y LA FLUIDEZ DEL JAZZ. SE CARACTERIZA POR MOVIMIENTOS PRECISOS Y EXPRESIVOS EJECUTADOS SOBRE TACONES, LO QUE REQUIERE T\u00c9CNICA, FUERZA Y EQUILIBRIO. M\u00c1S QUE UNA COREOGRAF\u00cdA, ES UNA EXPERIENCIA DE EMPODERAMIENTO: APRENDER A CAMINAR, MOVERSE Y EXPRESARSE CON SEGURIDAD Y ELEGANCIA. LAS CLASES INCLUYEN TRABAJO DE T\u00c9CNICA, EXPRESI\u00d3N ESC\u00c9NICA, MUSICALIDAD Y EXPLORACI\u00d3N DE LA SENSUALIDAD DESDE LA AUTENTICIDAD. DIRIGIDO A MUJERES Y HOMBRES QUE DESEEN MEJORAR LA POSTURA, LA COORDINACI\u00d3N Y LA AUTOESTIMA, FORTALECIENDO PIERNAS, GL\u00daTEOS Y ABDOMEN.<\/p>\n\n\n\n<p class=\"has-white-color has-text-color has-background has-link-color wp-elements-ba86c5496a2c64e9da7a636f11f2dfd5\" style=\"background-color:#63349e\">BENEFICIOS DESTACADOS:<\/p>\n\n\n\n<p class=\"has-white-color has-text-color has-background has-link-color wp-elements-7078431088f839c08166ef4378b7f994\" style=\"background-color:#63349e\">REFUERZA LA AUTOESTIMA, EL EMPODERAMIENTO ESC\u00c9NICO Y LA EXPRESI\u00d3N CORPORAL ELEGANTE. MEJORA LA POSTURA, EL EQUILIBRIO Y LA CONCIENCIA DEL MOVIMIENTO (BODY CONTROL).<\/p>\n<\/div><\/div>\n<\/div>\n\n\n\n<div class=\"wp-block-kc-blocks-yt-shorts kc-yt-shorts-wrapper\"><div class=\"kc-yt-shorts-container\" data-columns=\"6\" style=\"--kc-yt-columns:6;--kc-yt-gap:20px\"><div class=\"kc-yt-shorts-item\"><iframe src=\"https:\/\/www.youtube.com\/embed\/BmFLSy1xoT8\" width=\"100%\" height=\"100%\" frameborder=\"0\" allow=\"accelerometer; autoplay; clipboard-write; encrypted-media; gyroscope; picture-in-picture\" allowfullscreen loading=\"lazy\"><\/iframe><\/div><div class=\"kc-yt-shorts-item\"><iframe src=\"https:\/\/www.youtube.com\/embed\/xF5_oiLBmxA\" width=\"100%\" height=\"100%\" frameborder=\"0\" allow=\"accelerometer; autoplay; clipboard-write; encrypted-media; gyroscope; picture-in-picture\" allowfullscreen loading=\"lazy\"><\/iframe><\/div><div class=\"kc-yt-shorts-item\"><iframe src=\"https:\/\/www.youtube.com\/embed\/BhUtN-48CaU\" width=\"100%\" height=\"100%\" frameborder=\"0\" allow=\"accelerometer; autoplay; clipboard-write; encrypted-media; gyroscope; picture-in-picture\" allowfullscreen loading=\"lazy\"><\/iframe><\/div><div class=\"kc-yt-shorts-item\"><iframe src=\"https:\/\/www.youtube.com\/embed\/t14iLMSXMoU\" width=\"100%\" height=\"100%\" frameborder=\"0\" allow=\"accelerometer; autoplay; clipboard-write; encrypted-media; gyroscope; picture-in-picture\" allowfullscreen loading=\"lazy\"><\/iframe><\/div><div class=\"kc-yt-shorts-item\"><iframe src=\"https:\/\/www.youtube.com\/embed\/FYFg69tY9Ro\" width=\"100%\" height=\"100%\" frameborder=\"0\" allow=\"accelerometer; autoplay; clipboard-write; encrypted-media; gyroscope; picture-in-picture\" allowfullscreen loading=\"lazy\"><\/iframe><\/div><div class=\"kc-yt-shorts-item\"><iframe src=\"https:\/\/www.youtube.com\/embed\/sblQ8tDZ5zo\" width=\"100%\" height=\"100%\" frameborder=\"0\" allow=\"accelerometer; autoplay; clipboard-write; encrypted-media; gyroscope; picture-in-picture\" allowfullscreen loading=\"lazy\"><\/iframe><\/div><\/div><\/div>\n","protected":false},"excerpt":{"rendered":"","protected":false},"author":1,"featured_media":0,"parent":0,"menu_order":0,"comment_status":"closed","ping_status":"closed","template":"","meta":{"footnotes":""},"class_list":["post-181","page","type-page","status-publish","hentry"],"_links":{"self":[{"href":"https:\/\/karmencuellar.com\/index.php?rest_route=\/wp\/v2\/pages\/181","targetHints":{"allow":["GET"]}}],"collection":[{"href":"https:\/\/karmencuellar.com\/index.php?rest_route=\/wp\/v2\/pages"}],"about":[{"href":"https:\/\/karmencuellar.com\/index.php?rest_route=\/wp\/v2\/types\/page"}],"author":[{"embeddable":true,"href":"https:\/\/karmencuellar.com\/index.php?rest_route=\/wp\/v2\/users\/1"}],"replies":[{"embeddable":true,"href":"https:\/\/karmencuellar.com\/index.php?rest_route=%2Fwp%2Fv2%2Fcomments&post=181"}],"version-history":[{"count":22,"href":"https:\/\/karmencuellar.com\/index.php?rest_route=\/wp\/v2\/pages\/181\/revisions"}],"predecessor-version":[{"id":269,"href":"https:\/\/karmencuellar.com\/index.php?rest_route=\/wp\/v2\/pages\/181\/revisions\/269"}],"wp:attachment":[{"href":"https:\/\/karmencuellar.com\/index.php?rest_route=%2Fwp%2Fv2%2Fmedia&parent=181"}],"curies":[{"name":"wp","href":"https:\/\/api.w.org\/{rel}","templated":true}]}}