{"id":164,"date":"2025-12-22T12:58:43","date_gmt":"2025-12-22T11:58:43","guid":{"rendered":"http:\/\/31.220.83.51\/?page_id=164"},"modified":"2026-01-31T07:28:12","modified_gmt":"2026-01-31T06:28:12","slug":"dancehallafrobeat","status":"publish","type":"page","link":"https:\/\/karmencuellar.com\/?page_id=164","title":{"rendered":"DANCEHALL&amp;AFROBEAT"},"content":{"rendered":"\n<div class=\"wp-block-kc-blocks-slider-container kc-slider-container is-style-slider\">\n<div class=\"wp-block-media-text alignfull is-stacked-on-mobile is-image-fill-element has-background\" style=\"background-color:#2f572c\"><figure class=\"wp-block-media-text__media\"><img loading=\"lazy\" decoding=\"async\" width=\"404\" height=\"720\" src=\"http:\/\/31.220.83.51\/wp-content\/uploads\/2025\/12\/Dancehall.png\" alt=\"\" class=\"wp-image-170 size-full\" style=\"object-position:61% 54%\" srcset=\"https:\/\/karmencuellar.com\/wp-content\/uploads\/2025\/12\/Dancehall.png 404w, https:\/\/karmencuellar.com\/wp-content\/uploads\/2025\/12\/Dancehall-168x300.png 168w\" sizes=\"auto, (max-width: 404px) 100vw, 404px\" \/><\/figure><div class=\"wp-block-media-text__content\">\n<h1 class=\"wp-block-heading has-white-color has-text-color has-link-color wp-elements-2d4446ce961b01300072f462ec64a58a\"><strong>DANCEHALL<\/strong><\/h1>\n\n\n\n<p class=\"has-white-color has-text-color has-background has-link-color wp-elements-07b0621fe2c46ce79248c389fe6cec5f\" style=\"background-color:#2f572c\">ACTITUD, RITMO Y ENERG\u00cdA JAMAICANA. EL DANCEHALL SURGE EN JAMAICA EN LOS A\u00d1OS 80, HEREDERO DE LOS SOUND SYSTEMS Y LAS FIESTAS CALLEJERAS QUE CELEBRABAN LA IDENTIDAD DEL PUEBLO. COMBINA MOVIMIENTOS POTENTES, ONDULACIONES Y GESTOS EXPRESIVOS QUE TRANSMITEN CONFIANZA, LIBERTAD Y PERTENENCIA. DURANTE EL TALLER SE EXPLORAR\u00c1N LOS ESTILOS OLD SCHOOL, MIDDLE SCHOOL Y NEW SCHOOL, COMPRENDIENDO SU EVOLUCI\u00d3N CULTURAL Y SU LENGUAJE CORPORAL. CADA SECUENCIA BUSCA QUE LOS PARTICIPANTES EXPERIMENTEN LA FUERZA R\u00cdTMICA DEL DANCEHALL, DESARROLLANDO PRESENCIA ESC\u00c9NICA, RESISTENCIA Y CREATIVIDAD. UNA EXPERIENCIA COLECTIVA QUE CELEBRA LA DIVERSIDAD, LA EXPRESI\u00d3N PERSONAL Y EL PODER DEL RITMO COMO FORMA DE CONEXI\u00d3N Y EMPODERAMIENTO. BENEFICIOS DESTACADOS: INCREMENTA LA RESISTENCIA F\u00cdSICA, LA COORDINACI\u00d3N Y LA CONFIANZA ESC\u00c9NICA. PROMUEVE EL EMPODERAMIENTO CORPORAL, LA EXPRESI\u00d3N AUT\u00c9NTICA Y LA LIBERACI\u00d3N ENERG\u00c9TICA. CONECTA CON EL FLOW AFRO-CARIBE\u00d1O Y EL ESTADO DE PRESENCIA ACTIVA A TRAV\u00c9S DEL RITMO. UNA DANZA QUE VIBRA CON IDENTIDAD, ALEGR\u00cdA Y FUERZA CULTURAL.<\/p>\n<\/div><\/div>\n\n\n\n<div class=\"wp-block-media-text is-stacked-on-mobile has-background\" style=\"background-color:#2f572c\"><figure class=\"wp-block-media-text__media\"><img loading=\"lazy\" decoding=\"async\" width=\"400\" height=\"720\" src=\"http:\/\/31.220.83.51\/wp-content\/uploads\/2025\/12\/Afrobeat.png\" alt=\"\" class=\"wp-image-169 size-full\" srcset=\"https:\/\/karmencuellar.com\/wp-content\/uploads\/2025\/12\/Afrobeat.png 400w, https:\/\/karmencuellar.com\/wp-content\/uploads\/2025\/12\/Afrobeat-167x300.png 167w\" sizes=\"auto, (max-width: 400px) 100vw, 400px\" \/><\/figure><div class=\"wp-block-media-text__content\">\n<h1 class=\"wp-block-heading has-white-color has-text-color has-link-color wp-elements-99a5aff6701b6eb777dc7d0012e5ffd1\"><strong>AFROBEAT<\/strong><\/h1>\n\n\n\n<p class=\"has-white-color has-text-color has-background has-link-color wp-elements-a38aed6e9e2e896877ed5b7bceaec060\" style=\"background-color:#2f572c\">EL ALMA AFRICANA HECHA MOVIMIENTO. EL AFROBEAT FUSIONA DANZAS TRADICIONALES AFRICANAS CON RITMOS CONTEMPOR\u00c1NEOS COMO KUDURO, AFROHOUSE O AZONTO. ES UN ESTILO ENERG\u00c9TICO, DIN\u00c1MICO Y PROFUNDAMENTE EXPRESIVO QUE CONECTA CON LA FUERZA DE LA TIERRA Y LA ALEGR\u00cdA DEL CUERPO EN MOVIMIENTO. DURANTE LA CLASE SE TRABAJA LA DISOCIACI\u00d3N CORPORAL, LA COORDINACI\u00d3N, LA RESISTENCIA Y LA CREATIVIDAD, COMBINANDO SECUENCIAS COREOGR\u00c1FICAS CON MOMENTOS DE IMPROVISACI\u00d3N Y CONEXI\u00d3N R\u00cdTMICA. UNA PR\u00c1CTICA VIBRANTE QUE DESPIERTA EL ESP\u00cdRITU, LIBERA LA ENERG\u00cdA Y CELEBRA LA VIDA A TRAV\u00c9S DEL RITMO Y EL MOVIMIENTO. BENEFICIOS DESTACADOS: DESARROLLA LA RESISTENCIA F\u00cdSICA, LA COORDINACI\u00d3N R\u00cdTMICA Y LA EXPRESIVIDAD CORPORAL. CONECTA CON LA ENERG\u00cdA TRIBAL (EARTH FLOW) Y FOMENTA EL BIENESTAR EMOCIONAL COLECTIVO. POTENCIA LA LIBERACI\u00d3N DE ENERG\u00cdA BLOQUEADA Y EL ESTADO DE FLOW CORPORAL PLENO. UNA DANZA GLOBAL CON RA\u00cdCES ANCESTRALES: ENERG\u00cdA, ALMA Y CONEXI\u00d3N EN MOVIMIENTO.<\/p>\n<\/div><\/div>\n<\/div>\n\n\n\n<div class=\"wp-block-kc-blocks-yt-shorts kc-yt-shorts-wrapper\"><div class=\"kc-yt-shorts-container\" data-columns=\"4\" style=\"--kc-yt-columns:4;--kc-yt-gap:20px\"><div class=\"kc-yt-shorts-item\"><iframe src=\"https:\/\/www.youtube.com\/embed\/uLxlOOiC6Ec\" width=\"100%\" height=\"100%\" frameborder=\"0\" allow=\"accelerometer; autoplay; clipboard-write; encrypted-media; gyroscope; picture-in-picture\" allowfullscreen loading=\"lazy\"><\/iframe><\/div><div class=\"kc-yt-shorts-item\"><iframe src=\"https:\/\/www.youtube.com\/embed\/ySl9SYsm2RA\" width=\"100%\" height=\"100%\" frameborder=\"0\" allow=\"accelerometer; autoplay; clipboard-write; encrypted-media; gyroscope; picture-in-picture\" allowfullscreen loading=\"lazy\"><\/iframe><\/div><div class=\"kc-yt-shorts-item\"><iframe src=\"https:\/\/www.youtube.com\/embed\/7-NmDJoAGyw\" width=\"100%\" height=\"100%\" frameborder=\"0\" allow=\"accelerometer; autoplay; clipboard-write; encrypted-media; gyroscope; picture-in-picture\" allowfullscreen loading=\"lazy\"><\/iframe><\/div><div class=\"kc-yt-shorts-item\"><iframe src=\"https:\/\/www.youtube.com\/embed\/Eb7uSfixRac\" width=\"100%\" height=\"100%\" frameborder=\"0\" allow=\"accelerometer; autoplay; clipboard-write; encrypted-media; gyroscope; picture-in-picture\" allowfullscreen loading=\"lazy\"><\/iframe><\/div><div class=\"kc-yt-shorts-item\"><iframe src=\"https:\/\/www.youtube.com\/embed\/SACYbrekego\" width=\"100%\" height=\"100%\" frameborder=\"0\" allow=\"accelerometer; autoplay; clipboard-write; encrypted-media; gyroscope; picture-in-picture\" allowfullscreen loading=\"lazy\"><\/iframe><\/div><\/div><\/div>\n","protected":false},"excerpt":{"rendered":"","protected":false},"author":1,"featured_media":0,"parent":0,"menu_order":0,"comment_status":"closed","ping_status":"closed","template":"","meta":{"footnotes":""},"class_list":["post-164","page","type-page","status-publish","hentry"],"_links":{"self":[{"href":"https:\/\/karmencuellar.com\/index.php?rest_route=\/wp\/v2\/pages\/164","targetHints":{"allow":["GET"]}}],"collection":[{"href":"https:\/\/karmencuellar.com\/index.php?rest_route=\/wp\/v2\/pages"}],"about":[{"href":"https:\/\/karmencuellar.com\/index.php?rest_route=\/wp\/v2\/types\/page"}],"author":[{"embeddable":true,"href":"https:\/\/karmencuellar.com\/index.php?rest_route=\/wp\/v2\/users\/1"}],"replies":[{"embeddable":true,"href":"https:\/\/karmencuellar.com\/index.php?rest_route=%2Fwp%2Fv2%2Fcomments&post=164"}],"version-history":[{"count":10,"href":"https:\/\/karmencuellar.com\/index.php?rest_route=\/wp\/v2\/pages\/164\/revisions"}],"predecessor-version":[{"id":212,"href":"https:\/\/karmencuellar.com\/index.php?rest_route=\/wp\/v2\/pages\/164\/revisions\/212"}],"wp:attachment":[{"href":"https:\/\/karmencuellar.com\/index.php?rest_route=%2Fwp%2Fv2%2Fmedia&parent=164"}],"curies":[{"name":"wp","href":"https:\/\/api.w.org\/{rel}","templated":true}]}}