{"id":147,"date":"2025-12-22T12:32:03","date_gmt":"2025-12-22T11:32:03","guid":{"rendered":"http:\/\/31.220.83.51\/?page_id=147"},"modified":"2026-01-31T07:16:24","modified_gmt":"2026-01-31T06:16:24","slug":"danza-africana-tradicional","status":"publish","type":"page","link":"https:\/\/karmencuellar.com\/?page_id=147","title":{"rendered":"Danza Africana Tradicional"},"content":{"rendered":"\n<div class=\"wp-block-media-text alignfull is-stacked-on-mobile is-image-fill-element is-style-kc-image-text has-background\" style=\"background-color:#fae3d9\"><figure class=\"wp-block-media-text__media\"><img loading=\"lazy\" decoding=\"async\" width=\"902\" height=\"1024\" src=\"https:\/\/karmencuellar.com\/wp-content\/uploads\/2025\/12\/Danzaadricanatradicional-e1766402899891-902x1024.jpg\" alt=\"\" class=\"wp-image-157 size-full\" style=\"object-position:55% 40%\" srcset=\"https:\/\/karmencuellar.com\/wp-content\/uploads\/2025\/12\/Danzaadricanatradicional-e1766402899891-902x1024.jpg 902w, https:\/\/karmencuellar.com\/wp-content\/uploads\/2025\/12\/Danzaadricanatradicional-e1766402899891-264x300.jpg 264w, https:\/\/karmencuellar.com\/wp-content\/uploads\/2025\/12\/Danzaadricanatradicional-e1766402899891-768x871.jpg 768w, https:\/\/karmencuellar.com\/wp-content\/uploads\/2025\/12\/Danzaadricanatradicional-e1766402899891.jpg 950w\" sizes=\"auto, (max-width: 902px) 100vw, 902px\" \/><\/figure><div class=\"wp-block-media-text__content\">\n<h1 class=\"wp-block-heading has-text-color has-link-color wp-elements-ceedfe02a27d2013205fc759db4c9bf4\" style=\"color:#c48d16c4\"><strong>Danza Africana Tradicional<\/strong><\/h1>\n\n\n\n<p class=\"has-text-color has-link-color wp-elements-35419730e87b94c0c00b8fb46fb56ced\" style=\"color:#c48d16c4\">EL PULSO ANCESTRAL DEL CUERPO Y LA PERCUSI\u00d3N. INSPIRADA EN LOS RITMOS DEL \u00c1FRICA OCCIDENTAL, LA DANZA AFRICANA TRADICIONAL UTILIZA TAMBORES COMO EL DJEMB\u00c9, DUNDUN, SANGBAN Y KENKENI PARA GUIAR LA EXPRESI\u00d3N CORPORAL. CADA MOVIMIENTO RESPONDE A UN RITMO Y UN SIGNIFICADO, CONECTANDO CON LA COMUNIDAD Y LA TIERRA. EL TALLER COMBINA EL APRENDIZAJE T\u00c9CNICO DE PASOS TRADICIONALES CON EL DESCUBRIMIENTO CULTURAL DE SU ORIGEN, FUNCI\u00d3N Y SIMBOLISMO. NO SE REQUIERE EXPERIENCIA PREVIA: SE TRABAJA LA COORDINACI\u00d3N, LA DISOCIACI\u00d3N CORPORAL Y LA INTEGRACI\u00d3N GRUPAL DESDE LA ENERG\u00cdA Y LA ALEGR\u00cdA COMPARTIDA. UNA EXPERIENCIA TERAP\u00c9UTICA Y CULTURAL QUE INVITA A RECONECTAR CON LA RA\u00cdZ, LA MUSICALIDAD Y LA VITALIDAD INTERIOR.<\/p>\n\n\n\n<p class=\"has-text-color has-link-color wp-elements-1499fd92da979ce47840301f4d834fb8\" style=\"color:#c48d16c4\">BENEFICIOS DESTACADOS:<\/p>\n\n\n\n<p class=\"has-text-color has-link-color wp-elements-f9b185623d37196bf3c64c5dd408d907\" style=\"color:#c48d16c4\">FAVORECE LA COHESI\u00d3N GRUPAL Y LA CONEXI\u00d3N CON LA TIERRA (GROUNDING CULTURAL).DESPIERTA LA ENERG\u00cdA VITAL ANCESTRAL Y FORTALECE EL SISTEMA CARDIOVASCULAR.<\/p>\n\n\n\n<p class=\"has-text-color has-link-color wp-elements-646f69b57fc0f57889d37350ecdbf260\" style=\"color:#c48d16c4\">FOMENTA LA RESILIENCIA EMOCIONAL, LA ALEGR\u00cdA COLECTIVA Y LA PRESENCIA AUT\u00c9NTICA. UNA DANZA DE RA\u00cdCES PROFUNDAS QUE TRANSFORMA EL RITMO EN UNI\u00d3N Y EL CUERPO EN TAMBOR VIVO.<\/p>\n<\/div><\/div>\n\n\n\n<div class=\"wp-block-kc-blocks-yt-shorts kc-yt-shorts-wrapper\"><div class=\"kc-yt-shorts-container\" data-columns=\"4\" style=\"--kc-yt-columns:4;--kc-yt-gap:20px\"><div class=\"kc-yt-shorts-item\"><iframe src=\"https:\/\/www.youtube.com\/embed\/c9Myz7TDvIM\" width=\"100%\" height=\"100%\" frameborder=\"0\" allow=\"accelerometer; autoplay; clipboard-write; encrypted-media; gyroscope; picture-in-picture\" allowfullscreen loading=\"lazy\"><\/iframe><\/div><div class=\"kc-yt-shorts-item\"><iframe src=\"https:\/\/www.youtube.com\/embed\/stG0DNqL-zI\" width=\"100%\" height=\"100%\" frameborder=\"0\" allow=\"accelerometer; autoplay; clipboard-write; encrypted-media; gyroscope; picture-in-picture\" allowfullscreen loading=\"lazy\"><\/iframe><\/div><div class=\"kc-yt-shorts-item\"><iframe src=\"https:\/\/www.youtube.com\/embed\/JWqgfN044K8\" width=\"100%\" height=\"100%\" frameborder=\"0\" allow=\"accelerometer; autoplay; clipboard-write; encrypted-media; gyroscope; picture-in-picture\" allowfullscreen loading=\"lazy\"><\/iframe><\/div><div class=\"kc-yt-shorts-item\"><iframe src=\"https:\/\/www.youtube.com\/embed\/UNJ7TXxds6c\" width=\"100%\" height=\"100%\" frameborder=\"0\" allow=\"accelerometer; autoplay; clipboard-write; encrypted-media; gyroscope; picture-in-picture\" allowfullscreen loading=\"lazy\"><\/iframe><\/div><\/div><\/div>\n\n\n\n<figure class=\"wp-block-gallery has-nested-images columns-default is-cropped is-style-slider wp-block-gallery-1 is-layout-flex wp-block-gallery-is-layout-flex\">\n<figure class=\"wp-block-image size-large\"><img loading=\"lazy\" decoding=\"async\" width=\"1024\" height=\"683\" data-id=\"148\" src=\"http:\/\/31.220.83.51\/wp-content\/uploads\/2025\/12\/Afro0-1-1024x683.jpg\" alt=\"\" class=\"wp-image-148\" srcset=\"https:\/\/karmencuellar.com\/wp-content\/uploads\/2025\/12\/Afro0-1-1024x683.jpg 1024w, https:\/\/karmencuellar.com\/wp-content\/uploads\/2025\/12\/Afro0-1-300x200.jpg 300w, https:\/\/karmencuellar.com\/wp-content\/uploads\/2025\/12\/Afro0-1-768x512.jpg 768w, https:\/\/karmencuellar.com\/wp-content\/uploads\/2025\/12\/Afro0-1-1536x1024.jpg 1536w, https:\/\/karmencuellar.com\/wp-content\/uploads\/2025\/12\/Afro0-1.jpg 1920w\" sizes=\"auto, (max-width: 1024px) 100vw, 1024px\" \/><\/figure>\n\n\n\n<figure class=\"wp-block-image size-large\"><img loading=\"lazy\" decoding=\"async\" width=\"1024\" height=\"576\" data-id=\"156\" src=\"http:\/\/31.220.83.51\/wp-content\/uploads\/2025\/12\/Afro8-1024x576.jpg\" alt=\"\" class=\"wp-image-156\" srcset=\"https:\/\/karmencuellar.com\/wp-content\/uploads\/2025\/12\/Afro8-1024x576.jpg 1024w, https:\/\/karmencuellar.com\/wp-content\/uploads\/2025\/12\/Afro8-300x169.jpg 300w, https:\/\/karmencuellar.com\/wp-content\/uploads\/2025\/12\/Afro8-768x432.jpg 768w, https:\/\/karmencuellar.com\/wp-content\/uploads\/2025\/12\/Afro8-1536x864.jpg 1536w, https:\/\/karmencuellar.com\/wp-content\/uploads\/2025\/12\/Afro8-2048x1152.jpg 2048w\" sizes=\"auto, (max-width: 1024px) 100vw, 1024px\" \/><\/figure>\n\n\n\n<figure class=\"wp-block-image size-large\"><img loading=\"lazy\" decoding=\"async\" width=\"1024\" height=\"576\" data-id=\"155\" src=\"http:\/\/31.220.83.51\/wp-content\/uploads\/2025\/12\/Afro7-1024x576.jpg\" alt=\"\" class=\"wp-image-155\" srcset=\"https:\/\/karmencuellar.com\/wp-content\/uploads\/2025\/12\/Afro7-1024x576.jpg 1024w, https:\/\/karmencuellar.com\/wp-content\/uploads\/2025\/12\/Afro7-300x169.jpg 300w, https:\/\/karmencuellar.com\/wp-content\/uploads\/2025\/12\/Afro7-768x432.jpg 768w, https:\/\/karmencuellar.com\/wp-content\/uploads\/2025\/12\/Afro7-1536x864.jpg 1536w, https:\/\/karmencuellar.com\/wp-content\/uploads\/2025\/12\/Afro7.jpg 1920w\" sizes=\"auto, (max-width: 1024px) 100vw, 1024px\" \/><\/figure>\n\n\n\n<figure class=\"wp-block-image size-large\"><img loading=\"lazy\" decoding=\"async\" width=\"1024\" height=\"1024\" data-id=\"154\" src=\"http:\/\/31.220.83.51\/wp-content\/uploads\/2025\/12\/Afro6-1024x1024.jpg\" alt=\"\" class=\"wp-image-154\" srcset=\"https:\/\/karmencuellar.com\/wp-content\/uploads\/2025\/12\/Afro6-1024x1024.jpg 1024w, https:\/\/karmencuellar.com\/wp-content\/uploads\/2025\/12\/Afro6-300x300.jpg 300w, https:\/\/karmencuellar.com\/wp-content\/uploads\/2025\/12\/Afro6-150x150.jpg 150w, https:\/\/karmencuellar.com\/wp-content\/uploads\/2025\/12\/Afro6-768x768.jpg 768w, https:\/\/karmencuellar.com\/wp-content\/uploads\/2025\/12\/Afro6.jpg 1070w\" sizes=\"auto, (max-width: 1024px) 100vw, 1024px\" \/><\/figure>\n\n\n\n<figure class=\"wp-block-image size-large\"><img loading=\"lazy\" decoding=\"async\" width=\"1024\" height=\"768\" data-id=\"153\" src=\"http:\/\/31.220.83.51\/wp-content\/uploads\/2025\/12\/Afro5-1024x768.jpg\" alt=\"\" class=\"wp-image-153\" srcset=\"https:\/\/karmencuellar.com\/wp-content\/uploads\/2025\/12\/Afro5-1024x768.jpg 1024w, https:\/\/karmencuellar.com\/wp-content\/uploads\/2025\/12\/Afro5-300x225.jpg 300w, https:\/\/karmencuellar.com\/wp-content\/uploads\/2025\/12\/Afro5-768x576.jpg 768w, https:\/\/karmencuellar.com\/wp-content\/uploads\/2025\/12\/Afro5-1536x1152.jpg 1536w, https:\/\/karmencuellar.com\/wp-content\/uploads\/2025\/12\/Afro5.jpg 1600w\" sizes=\"auto, (max-width: 1024px) 100vw, 1024px\" \/><\/figure>\n\n\n\n<figure class=\"wp-block-image size-large\"><img loading=\"lazy\" decoding=\"async\" width=\"1024\" height=\"586\" data-id=\"152\" src=\"http:\/\/31.220.83.51\/wp-content\/uploads\/2025\/12\/Afro4-1024x586.jpg\" alt=\"\" class=\"wp-image-152\" srcset=\"https:\/\/karmencuellar.com\/wp-content\/uploads\/2025\/12\/Afro4-1024x586.jpg 1024w, https:\/\/karmencuellar.com\/wp-content\/uploads\/2025\/12\/Afro4-300x172.jpg 300w, https:\/\/karmencuellar.com\/wp-content\/uploads\/2025\/12\/Afro4-768x439.jpg 768w, https:\/\/karmencuellar.com\/wp-content\/uploads\/2025\/12\/Afro4.jpg 1070w\" sizes=\"auto, (max-width: 1024px) 100vw, 1024px\" \/><\/figure>\n\n\n\n<figure class=\"wp-block-image size-large\"><img loading=\"lazy\" decoding=\"async\" width=\"1024\" height=\"768\" data-id=\"151\" src=\"http:\/\/31.220.83.51\/wp-content\/uploads\/2025\/12\/Afro3-1024x768.jpg\" alt=\"\" class=\"wp-image-151\" srcset=\"https:\/\/karmencuellar.com\/wp-content\/uploads\/2025\/12\/Afro3-1024x768.jpg 1024w, https:\/\/karmencuellar.com\/wp-content\/uploads\/2025\/12\/Afro3-300x225.jpg 300w, https:\/\/karmencuellar.com\/wp-content\/uploads\/2025\/12\/Afro3-768x576.jpg 768w, https:\/\/karmencuellar.com\/wp-content\/uploads\/2025\/12\/Afro3.jpg 1070w\" sizes=\"auto, (max-width: 1024px) 100vw, 1024px\" \/><\/figure>\n\n\n\n<figure class=\"wp-block-image size-large\"><img loading=\"lazy\" decoding=\"async\" width=\"576\" height=\"1024\" data-id=\"150\" src=\"http:\/\/31.220.83.51\/wp-content\/uploads\/2025\/12\/Afro2-576x1024.jpg\" alt=\"\" class=\"wp-image-150\" srcset=\"https:\/\/karmencuellar.com\/wp-content\/uploads\/2025\/12\/Afro2-576x1024.jpg 576w, https:\/\/karmencuellar.com\/wp-content\/uploads\/2025\/12\/Afro2-169x300.jpg 169w, https:\/\/karmencuellar.com\/wp-content\/uploads\/2025\/12\/Afro2.jpg 720w\" sizes=\"auto, (max-width: 576px) 100vw, 576px\" \/><\/figure>\n\n\n\n<figure class=\"wp-block-image size-large\"><img loading=\"lazy\" decoding=\"async\" width=\"1024\" height=\"576\" data-id=\"149\" src=\"http:\/\/31.220.83.51\/wp-content\/uploads\/2025\/12\/Afro1-1024x576.jpg\" alt=\"\" class=\"wp-image-149\" srcset=\"https:\/\/karmencuellar.com\/wp-content\/uploads\/2025\/12\/Afro1-1024x576.jpg 1024w, https:\/\/karmencuellar.com\/wp-content\/uploads\/2025\/12\/Afro1-300x169.jpg 300w, https:\/\/karmencuellar.com\/wp-content\/uploads\/2025\/12\/Afro1-768x432.jpg 768w, https:\/\/karmencuellar.com\/wp-content\/uploads\/2025\/12\/Afro1-1536x864.jpg 1536w, https:\/\/karmencuellar.com\/wp-content\/uploads\/2025\/12\/Afro1-2048x1152.jpg 2048w\" sizes=\"auto, (max-width: 1024px) 100vw, 1024px\" \/><\/figure>\n<\/figure>\n\n\n\n<p><\/p>\n","protected":false},"excerpt":{"rendered":"<p>Danza Africana Tradicional EL PULSO ANCESTRAL DEL CUERPO Y LA PERCUSI\u00d3N. INSPIRADA EN LOS RITMOS DEL \u00c1FRICA OCCIDENTAL, LA DANZA AFRICANA TRADICIONAL UTILIZA TAMBORES COMO EL DJEMB\u00c9, DUNDUN, SANGBAN Y KENKENI PARA GUIAR LA EXPRESI\u00d3N CORPORAL. CADA MOVIMIENTO RESPONDE A UN RITMO Y UN SIGNIFICADO, CONECTANDO CON LA COMUNIDAD Y LA TIERRA. EL TALLER COMBINA [&hellip;]<\/p>\n","protected":false},"author":1,"featured_media":0,"parent":0,"menu_order":0,"comment_status":"closed","ping_status":"closed","template":"","meta":{"footnotes":""},"class_list":["post-147","page","type-page","status-publish","hentry"],"_links":{"self":[{"href":"https:\/\/karmencuellar.com\/index.php?rest_route=\/wp\/v2\/pages\/147","targetHints":{"allow":["GET"]}}],"collection":[{"href":"https:\/\/karmencuellar.com\/index.php?rest_route=\/wp\/v2\/pages"}],"about":[{"href":"https:\/\/karmencuellar.com\/index.php?rest_route=\/wp\/v2\/types\/page"}],"author":[{"embeddable":true,"href":"https:\/\/karmencuellar.com\/index.php?rest_route=\/wp\/v2\/users\/1"}],"replies":[{"embeddable":true,"href":"https:\/\/karmencuellar.com\/index.php?rest_route=%2Fwp%2Fv2%2Fcomments&post=147"}],"version-history":[{"count":7,"href":"https:\/\/karmencuellar.com\/index.php?rest_route=\/wp\/v2\/pages\/147\/revisions"}],"predecessor-version":[{"id":288,"href":"https:\/\/karmencuellar.com\/index.php?rest_route=\/wp\/v2\/pages\/147\/revisions\/288"}],"wp:attachment":[{"href":"https:\/\/karmencuellar.com\/index.php?rest_route=%2Fwp%2Fv2%2Fmedia&parent=147"}],"curies":[{"name":"wp","href":"https:\/\/api.w.org\/{rel}","templated":true}]}}