{"id":101,"date":"2025-12-22T11:57:00","date_gmt":"2025-12-22T10:57:00","guid":{"rendered":"http:\/\/31.220.83.51\/?page_id=101"},"modified":"2026-01-31T07:14:02","modified_gmt":"2026-01-31T06:14:02","slug":"movimiento-intuitivo","status":"publish","type":"page","link":"https:\/\/karmencuellar.com\/?page_id=101","title":{"rendered":"Movimiento Intuitivo"},"content":{"rendered":"\n<div class=\"wp-block-media-text alignfull is-stacked-on-mobile is-image-fill-element is-style-kc-image-text has-background\" style=\"background:radial-gradient(rgb(218,222,235) 0%,rgb(153,160,192) 100%);grid-template-columns:44% auto\"><figure class=\"wp-block-media-text__media\"><img loading=\"lazy\" decoding=\"async\" width=\"1024\" height=\"823\" src=\"https:\/\/karmencuellar.com\/wp-content\/uploads\/2025\/12\/Movimientointuitivo-scaled-e1766400776884-1024x823.jpg\" alt=\"\" class=\"wp-image-102 size-full\" style=\"object-position:59% 57%\" srcset=\"https:\/\/karmencuellar.com\/wp-content\/uploads\/2025\/12\/Movimientointuitivo-scaled-e1766400776884-1024x823.jpg 1024w, https:\/\/karmencuellar.com\/wp-content\/uploads\/2025\/12\/Movimientointuitivo-scaled-e1766400776884-300x241.jpg 300w, https:\/\/karmencuellar.com\/wp-content\/uploads\/2025\/12\/Movimientointuitivo-scaled-e1766400776884-768x617.jpg 768w, https:\/\/karmencuellar.com\/wp-content\/uploads\/2025\/12\/Movimientointuitivo-scaled-e1766400776884-1536x1234.jpg 1536w, https:\/\/karmencuellar.com\/wp-content\/uploads\/2025\/12\/Movimientointuitivo-scaled-e1766400776884.jpg 1788w\" sizes=\"auto, (max-width: 1024px) 100vw, 1024px\" \/><\/figure><div class=\"wp-block-media-text__content\">\n<h2 class=\"wp-block-heading has-black-color has-text-color has-link-color has-medium-font-size wp-elements-b8ec4a3bf2797ffd333f81f8c5466643\"><strong>Movimiento intuitivo Danzaterapia som\u00e1tica<\/strong><\/h2>\n\n\n\n<p class=\"has-black-color has-text-color has-link-color has-medium-font-size wp-elements-4cfff028aa31fe0171a190757408ba58\">EL CUERPO COMO PUENTE ENTRE EMOCI\u00d3N Y CONCIENCIA. EL MOVIMIENTO INTUITIVO INVITA A REDESCUBRIR LA CONEXI\u00d3N NATURAL ENTRE CUERPO, MENTE Y EMOCI\u00d3N. DESDE UNA MIRADA SOM\u00c1TICA, SE TRABAJA LA ESCUCHA INTERIOR Y LA EXPRESI\u00d3N LIBRE DEL MOVIMIENTO, PERMITIENDO LIBERAR TENSIONES F\u00cdSICAS Y BLOQUEOS EMOCIONALES. DURANTE LA SESI\u00d3N \u2014ESTRUCTURADA EN CALENTAMIENTO, DESARROLLO Y CIERRE\u2014 SE UTILIZAN HERRAMIENTAS DE DANZA, RESPIRACI\u00d3N Y CONCIENCIA CORPORAL PARA PROMOVER EL EQUILIBRIO PSICOF\u00cdSICO. ESTA PR\u00c1CTICA FAVORECE LA REGULACI\u00d3N DEL SISTEMA NERVIOSO, ACTIVA LA CREATIVIDAD Y REFUERZA LA AUTOCONFIANZA. INDICADA TANTO PARA PROFESIONALES DEL MOVIMIENTO COMO PARA CUALQUIER PERSONA QUE DESEE RECONECTAR CON SU CUERPO, ENCONTRAR BIENESTAR Y CULTIVAR UNA PRESENCIA AUT\u00c9NTICA.<\/p>\n\n\n\n<p class=\"has-black-color has-text-color has-link-color has-medium-font-size wp-elements-bf944cfb748512c32d94fa534eb56307\">BENEFICIOS DESTACADOS:<\/p>\n\n\n\n<p class=\"has-black-color has-text-color has-link-color has-medium-font-size wp-elements-1441e8e43c558493779c8dd59239537e\">FACILITA LA LIBERACI\u00d3N EMOCIONAL, EL GROUNDING CORPORAL Y LA AUTENTICIDAD EXPRESIVA.<\/p>\n\n\n\n<p class=\"has-black-color has-text-color has-link-color has-medium-font-size wp-elements-28b74d14758897688e6dc8057d12c9f2\">FOMENTA LA CREATIVIDAD, LA PRESENCIA PLENA (EMBODIMENT) Y LA ARMONIZACI\u00d3N DEL SISTEMA NERVIOSO.<\/p>\n\n\n\n<p class=\"has-black-color has-text-color has-link-color has-medium-font-size wp-elements-adc3bbf4ee273ab1ecafa7e81af027d3\">PROMUEVE UNA INTELIGENCIA CORPORAL EMOCIONAL (SOMATIC AWARENESS) QUE POTENCIA BIENESTAR, CLARIDAD Y FLOW. EL MOVIMIENTO SE CONVIERTE EN MEDICINA: EXPRESI\u00d3N LIBRE, CONEXI\u00d3N Y EQUILIBRIO INTERIOR.<\/p>\n<\/div><\/div>\n\n\n\n<div class=\"wp-block-kc-blocks-yt-shorts kc-yt-shorts-wrapper\"><div class=\"kc-yt-shorts-container\" data-columns=\"4\" style=\"--kc-yt-columns:4;--kc-yt-gap:20px\"><div class=\"kc-yt-shorts-item\"><iframe src=\"https:\/\/www.youtube.com\/embed\/2kDQtNECLaQ\" width=\"100%\" height=\"100%\" frameborder=\"0\" allow=\"accelerometer; autoplay; clipboard-write; encrypted-media; gyroscope; picture-in-picture\" allowfullscreen loading=\"lazy\"><\/iframe><\/div><\/div><\/div>\n","protected":false},"excerpt":{"rendered":"<p>Movimiento intuitivo Danzaterapia som\u00e1tica EL CUERPO COMO PUENTE ENTRE EMOCI\u00d3N Y CONCIENCIA. EL MOVIMIENTO INTUITIVO INVITA A REDESCUBRIR LA CONEXI\u00d3N NATURAL ENTRE CUERPO, MENTE Y EMOCI\u00d3N. DESDE UNA MIRADA SOM\u00c1TICA, SE TRABAJA LA ESCUCHA INTERIOR Y LA EXPRESI\u00d3N LIBRE DEL MOVIMIENTO, PERMITIENDO LIBERAR TENSIONES F\u00cdSICAS Y BLOQUEOS EMOCIONALES. DURANTE LA SESI\u00d3N \u2014ESTRUCTURADA EN CALENTAMIENTO, DESARROLLO [&hellip;]<\/p>\n","protected":false},"author":1,"featured_media":0,"parent":0,"menu_order":0,"comment_status":"closed","ping_status":"closed","template":"","meta":{"footnotes":""},"class_list":["post-101","page","type-page","status-publish","hentry"],"_links":{"self":[{"href":"https:\/\/karmencuellar.com\/index.php?rest_route=\/wp\/v2\/pages\/101","targetHints":{"allow":["GET"]}}],"collection":[{"href":"https:\/\/karmencuellar.com\/index.php?rest_route=\/wp\/v2\/pages"}],"about":[{"href":"https:\/\/karmencuellar.com\/index.php?rest_route=\/wp\/v2\/types\/page"}],"author":[{"embeddable":true,"href":"https:\/\/karmencuellar.com\/index.php?rest_route=\/wp\/v2\/users\/1"}],"replies":[{"embeddable":true,"href":"https:\/\/karmencuellar.com\/index.php?rest_route=%2Fwp%2Fv2%2Fcomments&post=101"}],"version-history":[{"count":5,"href":"https:\/\/karmencuellar.com\/index.php?rest_route=\/wp\/v2\/pages\/101\/revisions"}],"predecessor-version":[{"id":241,"href":"https:\/\/karmencuellar.com\/index.php?rest_route=\/wp\/v2\/pages\/101\/revisions\/241"}],"wp:attachment":[{"href":"https:\/\/karmencuellar.com\/index.php?rest_route=%2Fwp%2Fv2%2Fmedia&parent=101"}],"curies":[{"name":"wp","href":"https:\/\/api.w.org\/{rel}","templated":true}]}}